{"id":652,"date":"2024-10-17T15:27:46","date_gmt":"2024-10-17T15:27:46","guid":{"rendered":"https:\/\/restauranteperlaazul.es\/reservation\/"},"modified":"2024-10-17T15:42:26","modified_gmt":"2024-10-17T15:42:26","slug":"reservation","status":"publish","type":"page","link":"https:\/\/restauranteperlaazul.es\/fr\/reservation\/","title":{"rendered":"R\u00e9servation"},"content":{"rendered":"<p>[et_pb_section fb_built=\u00a0\u00bb1&Prime; _builder_version=\u00a0\u00bb4.24.2&Prime; _module_preset=\u00a0\u00bbdefault\u00a0\u00bb custom_padding=\u00a0\u00bb13px||13px||true|false\u00a0\u00bb global_colors_info=\u00a0\u00bb{}\u00a0\u00bb][et_pb_row column_structure=\u00a0\u00bb1_2,1_2&Prime; disabled_on=\u00a0\u00bbon|on|off\u00a0\u00bb admin_label=\u00a0\u00bbrow\u00a0\u00bb _builder_version=\u00a0\u00bb4.24.2&Prime; background_size=\u00a0\u00bbinitial\u00a0\u00bb background_position=\u00a0\u00bbtop_left\u00a0\u00bb background_repeat=\u00a0\u00bbrepeat\u00a0\u00bb max_width=\u00a0\u00bb1273px\u00a0\u00bb custom_margin=\u00a0\u00bb|auto|-5px|auto||\u00a0\u00bb custom_padding=\u00a0\u00bb||7px|||\u00a0\u00bb global_colors_info=\u00a0\u00bb{}\u00a0\u00bb][et_pb_column type=\u00a0\u00bb1_2&Prime; _builder_version=\u00a0\u00bb4.16&Prime; custom_padding=\u00a0\u00bb|||\u00a0\u00bb global_colors_info=\u00a0\u00bb{}\u00a0\u00bb custom_padding__hover=\u00a0\u00bb|||\u00a0\u00bb][et_pb_image src=\u00a0\u00bbhttps:\/\/restauranteperlaazul.es\/wp-content\/uploads\/2024\/04\/logo.png\u00a0\u00bb title_text=\u00a0\u00bblogo\u00a0\u00bb url=\u00a0\u00bbhttps:\/\/restauranteperlaazul.es\/fr\/\u00a0\u00bb _builder_version=\u00a0\u00bb4.24.2&Prime; _module_preset=\u00a0\u00bbdefault\u00a0\u00bb width=\u00a0\u00bb32%\u00a0\u00bb global_colors_info=\u00a0\u00bb{}\u00a0\u00bb][\/et_pb_image][\/et_pb_column][et_pb_column type=\u00a0\u00bb1_2&Prime; _builder_version=\u00a0\u00bb4.16&Prime; custom_padding=\u00a0\u00bb|||\u00a0\u00bb global_colors_info=\u00a0\u00bb{}\u00a0\u00bb custom_padding__hover=\u00a0\u00bb|||\u00a0\u00bb][et_pb_button button_url=\u00a0\u00bbhttps:\/\/restauranteperlaazul.es\/fr\/reservation\/\u00a0\u00bb url_new_window=\u00a0\u00bbon\u00a0\u00bb button_text=\u00a0\u00bbR\u00e9servation!\u00a0\u00bb button_alignment=\u00a0\u00bbright\u00a0\u00bb _builder_version=\u00a0\u00bb4.27.2&Prime; _module_preset=\u00a0\u00bbdefault\u00a0\u00bb custom_button=\u00a0\u00bbon\u00a0\u00bb button_text_size=\u00a0\u00bb22px\u00a0\u00bb button_text_color=\u00a0\u00bb#000000&Prime; button_font=\u00a0\u00bbArima Madurai|||on|||||\u00a0\u00bb button_use_icon=\u00a0\u00bboff\u00a0\u00bb custom_margin=\u00a0\u00bb||21px|||\u00a0\u00bb hover_enabled=\u00a0\u00bb0&Prime; global_colors_info=\u00a0\u00bb{}\u00a0\u00bb sticky_enabled=\u00a0\u00bb0&Prime;][\/et_pb_button][et_pb_social_media_follow icon_color=\u00a0\u00bb#000000&Prime; use_icon_font_size=\u00a0\u00bbon\u00a0\u00bb icon_font_size=\u00a0\u00bb25px\u00a0\u00bb _builder_version=\u00a0\u00bb4.24.2&Prime; _module_preset=\u00a0\u00bbdefault\u00a0\u00bb text_orientation=\u00a0\u00bbright\u00a0\u00bb global_colors_info=\u00a0\u00bb{}\u00a0\u00bb][et_pb_social_media_follow_network social_network=\u00a0\u00bbwhatsapp\u00a0\u00bb url=\u00a0\u00bbhttps:\/\/api.whatsapp.com\/send\/?phone=744661257&#038;\u00a0\u00bb _builder_version=\u00a0\u00bb4.24.2&Prime; _module_preset=\u00a0\u00bbdefault\u00a0\u00bb background_enable_color=\u00a0\u00bboff\u00a0\u00bb global_colors_info=\u00a0\u00bb{}\u00a0\u00bb follow_button=\u00a0\u00bboff\u00a0\u00bb url_new_window=\u00a0\u00bbon\u00a0\u00bb]whatsapp[\/et_pb_social_media_follow_network][et_pb_social_media_follow_network social_network=\u00a0\u00bbinstagram\u00a0\u00bb url=\u00a0\u00bbhttps:\/\/www.instagram.com\/restaurante_perla_azul\/\u00a0\u00bb _builder_version=\u00a0\u00bb4.24.2&Prime; _module_preset=\u00a0\u00bbdefault\u00a0\u00bb background_enable_color=\u00a0\u00bboff\u00a0\u00bb global_colors_info=\u00a0\u00bb{}\u00a0\u00bb follow_button=\u00a0\u00bboff\u00a0\u00bb url_new_window=\u00a0\u00bbon\u00a0\u00bb]instagram[\/et_pb_social_media_follow_network][et_pb_social_media_follow_network social_network=\u00a0\u00bbfacebook\u00a0\u00bb url=\u00a0\u00bbhttps:\/\/www.facebook.com\/people\/PerlAzul-%F0%9D%97%96%F0%9D%97%AE%F0%9D%97%B3%F0%9D%97%B2%F0%9D%98%81%F0%9D%97%B2%F0%9D%97%BF%F0%9D%97%B6%F0%9D%97%AE-%F0%9D%97%A5%F0%9D%97%B2%F0%9D%98%80%F0%9D%98%81%F0%9D%97%AE%F0%9D%98%82%F0%9D%97%BF%F0%9D%97%AE%F0%9D%97%BB%F0%9D%98%81%F0%9D%97%B2-C%C3%B3rdoba\/100083094644436\/\u00a0\u00bb _builder_version=\u00a0\u00bb4.24.2&Prime; _module_preset=\u00a0\u00bbdefault\u00a0\u00bb background_enable_color=\u00a0\u00bboff\u00a0\u00bb global_colors_info=\u00a0\u00bb{}\u00a0\u00bb follow_button=\u00a0\u00bboff\u00a0\u00bb url_new_window=\u00a0\u00bbon\u00a0\u00bb]facebook[\/et_pb_social_media_follow_network][\/et_pb_social_media_follow][\/et_pb_column][\/et_pb_row][et_pb_row disabled_on=\u00a0\u00bboff|off|on\u00a0\u00bb admin_label=\u00a0\u00bbrow\u00a0\u00bb _builder_version=\u00a0\u00bb4.24.2&Prime; background_size=\u00a0\u00bbinitial\u00a0\u00bb background_position=\u00a0\u00bbtop_left\u00a0\u00bb background_repeat=\u00a0\u00bbrepeat\u00a0\u00bb max_width=\u00a0\u00bb1273px\u00a0\u00bb custom_margin=\u00a0\u00bb|auto|-5px|auto||\u00a0\u00bb custom_padding=\u00a0\u00bb20px||7px|||\u00a0\u00bb global_colors_info=\u00a0\u00bb{}\u00a0\u00bb][et_pb_column type=\u00a0\u00bb4_4&Prime; _builder_version=\u00a0\u00bb4.16&Prime; custom_padding=\u00a0\u00bb|||\u00a0\u00bb global_colors_info=\u00a0\u00bb{}\u00a0\u00bb custom_padding__hover=\u00a0\u00bb|||\u00a0\u00bb][et_pb_image src=\u00a0\u00bbhttps:\/\/restauranteperlaazul.es\/wp-content\/uploads\/2024\/04\/logo.png\u00a0\u00bb title_text=\u00a0\u00bblogo\u00a0\u00bb url=\u00a0\u00bbhttps:\/\/restauranteperlaazul.es\/fr\/\u00a0\u00bb align=\u00a0\u00bbcenter\u00a0\u00bb _builder_version=\u00a0\u00bb4.24.2&Prime; _module_preset=\u00a0\u00bbdefault\u00a0\u00bb width=\u00a0\u00bb81%\u00a0\u00bb custom_margin=\u00a0\u00bb||17px|||\u00a0\u00bb global_colors_info=\u00a0\u00bb{}\u00a0\u00bb][\/et_pb_image][et_pb_button button_url=\u00a0\u00bbhttps:\/\/restauranteperlaazul.es\/fr\/reservation\/\u00a0\u00bb url_new_window=\u00a0\u00bbon\u00a0\u00bb button_text=\u00a0\u00bbR\u00e9servation!\u00a0\u00bb button_alignment=\u00a0\u00bbcenter\u00a0\u00bb _builder_version=\u00a0\u00bb4.27.2&Prime; _module_preset=\u00a0\u00bbdefault\u00a0\u00bb custom_button=\u00a0\u00bbon\u00a0\u00bb button_text_size=\u00a0\u00bb20px\u00a0\u00bb button_text_color=\u00a0\u00bb#000000&Prime; button_font=\u00a0\u00bbArima Madurai|||on|||||\u00a0\u00bb button_use_icon=\u00a0\u00bboff\u00a0\u00bb custom_margin=\u00a0\u00bb||21px|||\u00a0\u00bb hover_enabled=\u00a0\u00bb0&Prime; global_colors_info=\u00a0\u00bb{}\u00a0\u00bb sticky_enabled=\u00a0\u00bb0&Prime;][\/et_pb_button][et_pb_social_media_follow icon_color=\u00a0\u00bb#000000&Prime; use_icon_font_size=\u00a0\u00bbon\u00a0\u00bb icon_font_size=\u00a0\u00bb25px\u00a0\u00bb _builder_version=\u00a0\u00bb4.24.2&Prime; _module_preset=\u00a0\u00bbdefault\u00a0\u00bb text_orientation=\u00a0\u00bbcenter\u00a0\u00bb global_colors_info=\u00a0\u00bb{}\u00a0\u00bb][et_pb_social_media_follow_network social_network=\u00a0\u00bbwhatsapp\u00a0\u00bb url=\u00a0\u00bbhttps:\/\/api.whatsapp.com\/send\/?phone=744661257&#038;\u00a0\u00bb _builder_version=\u00a0\u00bb4.24.2&Prime; _module_preset=\u00a0\u00bbdefault\u00a0\u00bb background_enable_color=\u00a0\u00bboff\u00a0\u00bb global_colors_info=\u00a0\u00bb{}\u00a0\u00bb follow_button=\u00a0\u00bboff\u00a0\u00bb url_new_window=\u00a0\u00bbon\u00a0\u00bb]whatsapp[\/et_pb_social_media_follow_network][et_pb_social_media_follow_network social_network=\u00a0\u00bbinstagram\u00a0\u00bb url=\u00a0\u00bbhttps:\/\/www.instagram.com\/restaurante_perla_azul\/\u00a0\u00bb _builder_version=\u00a0\u00bb4.24.2&Prime; _module_preset=\u00a0\u00bbdefault\u00a0\u00bb background_enable_color=\u00a0\u00bboff\u00a0\u00bb global_colors_info=\u00a0\u00bb{}\u00a0\u00bb follow_button=\u00a0\u00bboff\u00a0\u00bb url_new_window=\u00a0\u00bbon\u00a0\u00bb]instagram[\/et_pb_social_media_follow_network][et_pb_social_media_follow_network social_network=\u00a0\u00bbfacebook\u00a0\u00bb url=\u00a0\u00bbhttps:\/\/www.facebook.com\/people\/PerlAzul-%F0%9D%97%96%F0%9D%97%AE%F0%9D%97%B3%F0%9D%97%B2%F0%9D%98%81%F0%9D%97%B2%F0%9D%97%BF%F0%9D%97%B6%F0%9D%97%AE-%F0%9D%97%A5%F0%9D%97%B2%F0%9D%98%80%F0%9D%98%81%F0%9D%97%AE%F0%9D%98%82%F0%9D%97%BF%F0%9D%97%AE%F0%9D%97%BB%F0%9D%98%81%F0%9D%97%B2-C%C3%B3rdoba\/100083094644436\/\u00a0\u00bb _builder_version=\u00a0\u00bb4.24.2&Prime; _module_preset=\u00a0\u00bbdefault\u00a0\u00bb background_enable_color=\u00a0\u00bboff\u00a0\u00bb global_colors_info=\u00a0\u00bb{}\u00a0\u00bb follow_button=\u00a0\u00bboff\u00a0\u00bb url_new_window=\u00a0\u00bbon\u00a0\u00bb]facebook[\/et_pb_social_media_follow_network][\/et_pb_social_media_follow][\/et_pb_column][\/et_pb_row][et_pb_row _builder_version=\u00a0\u00bb4.24.2&Prime; _module_preset=\u00a0\u00bbdefault\u00a0\u00bb max_width=\u00a0\u00bb1255px\u00a0\u00bb custom_padding=\u00a0\u00bb15px|||||\u00a0\u00bb global_colors_info=\u00a0\u00bb{}\u00a0\u00bb][et_pb_column type=\u00a0\u00bb4_4&Prime; _builder_version=\u00a0\u00bb4.24.2&Prime; _module_preset=\u00a0\u00bbdefault\u00a0\u00bb global_colors_info=\u00a0\u00bb{}\u00a0\u00bb][et_pb_text _builder_version=\u00a0\u00bb4.27.2&Prime; _module_preset=\u00a0\u00bbdefault\u00a0\u00bb text_font=\u00a0\u00bbArima Madurai|800|||||||\u00a0\u00bb text_text_color=\u00a0\u00bb#3ba7ce\u00a0\u00bb text_font_size=\u00a0\u00bb50px\u00a0\u00bb text_line_height=\u00a0\u00bb1.1em\u00a0\u00bb header_font=\u00a0\u00bbArima Madurai|800|||||||\u00a0\u00bb header_text_color=\u00a0\u00bb#3ba7ce\u00a0\u00bb header_font_size=\u00a0\u00bb47px\u00a0\u00bb text_orientation=\u00a0\u00bbcenter\u00a0\u00bb custom_margin=\u00a0\u00bb||5px|||\u00a0\u00bb custom_padding=\u00a0\u00bb||19px|||\u00a0\u00bb header_font_size_tablet=\u00a0\u00bb47px\u00a0\u00bb header_font_size_phone=\u00a0\u00bb40px\u00a0\u00bb header_font_size_last_edited=\u00a0\u00bbon|phone\u00a0\u00bb global_colors_info=\u00a0\u00bb{}\u00a0\u00bb]<\/p>\n<h1>Faites votre r\u00e9servation<\/h1>\n<p>[\/et_pb_text][et_pb_code _builder_version=\u00a0\u00bb4.27.2&Prime; _module_preset=\u00a0\u00bbdefault\u00a0\u00bb hover_enabled=\u00a0\u00bb0&Prime; global_colors_info=\u00a0\u00bb{}\u00a0\u00bb sticky_enabled=\u00a0\u00bb0&Prime;]<script type=\"text\/javascript\"<!-- [et_pb_line_break_holder] -->                                                                                        src=\"https:\/\/www.covermanager.com\/js\/iframeResizer.min.js\"><\/script><iframe<!-- [et_pb_line_break_holder] -->                                                            id=\u00a0\u00bbrestaurante-la-perla-azul-cordoba\u00a0\u00bb title=\u00a0\u00bbReservas\u00a0\u00bb<!-- [et_pb_line_break_holder] -->                                                            src=\u00a0\u00bbhttps:\/\/www.covermanager.com\/reserve\/module_restaurant\/restaurante-la-perla-azul-cordoba\/english\u00a0\u00bb<!-- [et_pb_line_break_holder] -->                                                            frameborder=\u00a0\u00bb0&Prime; height=\u00a0\u00bb550&Prime; width=\u00a0\u00bb100%\u00a0\u00bb onload=\u00a0\u00bbiFrameResize();\u00a0\u00bb><\/iframe>[\/et_pb_code][\/et_pb_column][\/et_pb_row][\/et_pb_section][et_pb_section fb_built=\u00a0\u00bb1&Prime; _builder_version=\u00a0\u00bb4.24.2&Prime; _module_preset=\u00a0\u00bbdefault\u00a0\u00bb background_color=\u00a0\u00bb#8dc3da\u00a0\u00bb custom_padding=\u00a0\u00bb17px||17px||true|false\u00a0\u00bb saved_tabs=\u00a0\u00bball\u00a0\u00bb global_colors_info=\u00a0\u00bb{}\u00a0\u00bb][et_pb_row column_structure=\u00a0\u00bb1_2,1_2&Prime; use_custom_gutter=\u00a0\u00bbon\u00a0\u00bb gutter_width=\u00a0\u00bb2&Prime; make_equal=\u00a0\u00bbon\u00a0\u00bb _builder_version=\u00a0\u00bb4.24.2&Prime; _module_preset=\u00a0\u00bbdefault\u00a0\u00bb width=\u00a0\u00bb84%\u00a0\u00bb max_width=\u00a0\u00bb1200px\u00a0\u00bb global_colors_info=\u00a0\u00bb{}\u00a0\u00bb][et_pb_column type=\u00a0\u00bb1_2&Prime; _builder_version=\u00a0\u00bb4.24.2&Prime; _module_preset=\u00a0\u00bbdefault\u00a0\u00bb custom_padding=\u00a0\u00bb|4%|||false|false\u00a0\u00bb custom_padding_tablet=\u00a0\u00bb|4%|||false|false\u00a0\u00bb custom_padding_phone=\u00a0\u00bb|0%|||false|false\u00a0\u00bb custom_padding_last_edited=\u00a0\u00bbon|phone\u00a0\u00bb border_width_right=\u00a0\u00bb2px\u00a0\u00bb border_width_right_tablet=\u00a0\u00bb2px\u00a0\u00bb border_width_right_phone=\u00a0\u00bb0px\u00a0\u00bb border_width_right_last_edited=\u00a0\u00bbon|phone\u00a0\u00bb global_colors_info=\u00a0\u00bb{}\u00a0\u00bb][et_pb_text _builder_version=\u00a0\u00bb4.24.2&Prime; _module_preset=\u00a0\u00bbdefault\u00a0\u00bb text_font=\u00a0\u00bbArima Madurai|800|||||||\u00a0\u00bb text_text_color=\u00a0\u00bb#FFFFFF\u00a0\u00bb text_font_size=\u00a0\u00bb35px\u00a0\u00bb text_line_height=\u00a0\u00bb1.1em\u00a0\u00bb header_font=\u00a0\u00bbArima Madurai|800|||||||\u00a0\u00bb header_text_color=\u00a0\u00bb#FFFFFF\u00a0\u00bb header_font_size=\u00a0\u00bb50px\u00a0\u00bb header_2_font=\u00a0\u00bbArima Madurai|800|||||||\u00a0\u00bb header_2_text_align=\u00a0\u00bbleft\u00a0\u00bb header_2_text_color=\u00a0\u00bb#FFFFFF\u00a0\u00bb header_2_font_size=\u00a0\u00bb50px\u00a0\u00bb text_orientation=\u00a0\u00bbright\u00a0\u00bb custom_margin=\u00a0\u00bb||15px||false|false\u00a0\u00bb text_orientation_tablet=\u00a0\u00bbright\u00a0\u00bb text_orientation_phone=\u00a0\u00bbcenter\u00a0\u00bb text_orientation_last_edited=\u00a0\u00bbon|phone\u00a0\u00bb global_colors_info=\u00a0\u00bb{}\u00a0\u00bb]<\/p>\n<p><strong>Horaires<\/strong><span><\/span><\/p>\n<p>[\/et_pb_text][et_pb_text _builder_version=\u00a0\u00bb4.24.2&Prime; _module_preset=\u00a0\u00bbdefault\u00a0\u00bb text_font=\u00a0\u00bbLustria||||||||\u00a0\u00bb text_text_color=\u00a0\u00bbrgba(0,0,0,0.6)\u00a0\u00bb text_font_size=\u00a0\u00bb17px\u00a0\u00bb text_line_height=\u00a0\u00bb1.5em\u00a0\u00bb text_orientation=\u00a0\u00bbright\u00a0\u00bb custom_margin=\u00a0\u00bb||20px||false|false\u00a0\u00bb text_orientation_tablet=\u00a0\u00bbright\u00a0\u00bb text_orientation_phone=\u00a0\u00bbleft\u00a0\u00bb text_orientation_last_edited=\u00a0\u00bbon|phone\u00a0\u00bb global_colors_info=\u00a0\u00bb{}\u00a0\u00bb]<\/p>\n<p><strong><b>Lunes<\/b><\/strong>: de 10:30 a 18:30<br \/><strong>Martes<\/strong>: cerrado<br \/><strong>Mi\u00e9rcoles<\/strong>: cerrado<br \/><strong>Jueves<\/strong>: de 10:30 a 23:30<br \/><strong>Viernes<\/strong>: de 10:30 a 23:30<br \/><strong>S\u00e1bado<\/strong>: de 10:30 a 23:30<br \/><strong>Domingo<\/strong>: de 10:30 a 18:30<\/p>\n<p>[\/et_pb_text][\/et_pb_column][et_pb_column type=\u00a0\u00bb1_2&Prime; _builder_version=\u00a0\u00bb4.24.2&Prime; _module_preset=\u00a0\u00bbdefault\u00a0\u00bb custom_padding=\u00a0\u00bb||||false|false\u00a0\u00bb global_colors_info=\u00a0\u00bb{}\u00a0\u00bb][et_pb_text _builder_version=\u00a0\u00bb4.24.2&Prime; _module_preset=\u00a0\u00bbdefault\u00a0\u00bb text_font=\u00a0\u00bbArima Madurai|800|||||||\u00a0\u00bb text_text_color=\u00a0\u00bb#FFFFFF\u00a0\u00bb text_font_size=\u00a0\u00bb35px\u00a0\u00bb text_line_height=\u00a0\u00bb1.1em\u00a0\u00bb header_font=\u00a0\u00bbArima Madurai|800|||||||\u00a0\u00bb header_text_color=\u00a0\u00bb#FFFFFF\u00a0\u00bb header_font_size=\u00a0\u00bb50px\u00a0\u00bb header_2_font=\u00a0\u00bbArima Madurai|800|||||||\u00a0\u00bb header_2_text_align=\u00a0\u00bbleft\u00a0\u00bb header_2_text_color=\u00a0\u00bb#FFFFFF\u00a0\u00bb header_2_font_size=\u00a0\u00bb50px\u00a0\u00bb custom_margin=\u00a0\u00bb||15px||false|false\u00a0\u00bb text_orientation_tablet=\u00a0\u00bb\u00a0\u00bb text_orientation_phone=\u00a0\u00bbcenter\u00a0\u00bb text_orientation_last_edited=\u00a0\u00bbon|phone\u00a0\u00bb global_colors_info=\u00a0\u00bb{}\u00a0\u00bb]<\/p>\n<p><strong>Contact<\/strong><span><\/span><\/p>\n<p>[\/et_pb_text][et_pb_blurb title=\u00a0\u00bbReserver\u00a0\u00bb url=\u00a0\u00bbhttps:\/\/api.whatsapp.com\/send\/?phone=744661257&#038;\u00a0\u00bb use_icon=\u00a0\u00bbon\u00a0\u00bb font_icon=\u00a0\u00bb&#xf232;||fa||400&Prime; icon_color=\u00a0\u00bb#000000&Prime; icon_placement=\u00a0\u00bbleft\u00a0\u00bb image_icon_width=\u00a0\u00bb23px\u00a0\u00bb _builder_version=\u00a0\u00bb4.24.2&Prime; _module_preset=\u00a0\u00bbdefault\u00a0\u00bb header_font=\u00a0\u00bbArima Madurai||||||||\u00a0\u00bb header_text_align=\u00a0\u00bbleft\u00a0\u00bb body_text_align=\u00a0\u00bbright\u00a0\u00bb link_option_url=\u00a0\u00bbhttps:\/\/api.whatsapp.com\/send\/?phone=744661257&#038;\u00a0\u00bb global_colors_info=\u00a0\u00bb{}\u00a0\u00bb][\/et_pb_blurb][et_pb_blurb title=\u00a0\u00bbComment aller l\u00e0\u00a0\u00bb url=\u00a0\u00bbhttps:\/\/www.google.com\/maps?gs_lcrp=EgZjaHJvbWUyDggAEEUYJxg5GIAEGIoFMhAIARAuGK8BGMcBGIAEGI4FMgcIAhAAGIAEMg0IAxAuGK8BGMcBGIAEMgcIBBAAGIAEMgYIBRBFGDwyBggGEEUYPDIGCAcQRRg8qAIAsAIA&#038;um=1&#038;ie=UTF-8&#038;fb=1&#038;gl=es&#038;sa=X&#038;geocode=KS9WOUnbIW0NMVS-fECy9INZ&#038;daddr=C.+Prta+Sevilla,+1,+Centro,+14004+C%C3%B3rdoba\u00a0\u00bb use_icon=\u00a0\u00bbon\u00a0\u00bb font_icon=\u00a0\u00bb&#xe081;||divi||400&Prime; icon_color=\u00a0\u00bb#000000&Prime; icon_placement=\u00a0\u00bbleft\u00a0\u00bb image_icon_width=\u00a0\u00bb23px\u00a0\u00bb _builder_version=\u00a0\u00bb4.24.2&Prime; _module_preset=\u00a0\u00bbdefault\u00a0\u00bb header_font=\u00a0\u00bbArima Madurai||||||||\u00a0\u00bb header_text_align=\u00a0\u00bbleft\u00a0\u00bb body_text_align=\u00a0\u00bbright\u00a0\u00bb link_option_url=\u00a0\u00bbhttps:\/\/www.google.com\/maps?gs_lcrp=EgZjaHJvbWUyDggAEEUYJxg5GIAEGIoFMhAIARAuGK8BGMcBGIAEGI4FMgcIAhAAGIAEMg0IAxAuGK8BGMcBGIAEMgcIBBAAGIAEMgYIBRBFGDwyBggGEEUYPDIGCAcQRRg8qAIAsAIA&#038;um=1&#038;ie=UTF-8&#038;fb=1&#038;gl=es&#038;sa=X&#038;geocode=KS9WOUnbIW0NMVS-fECy9INZ&#038;daddr=C.+Prta+Sevilla,+1,+Centro,+14004+C%C3%B3rdoba\u00a0\u00bb global_colors_info=\u00a0\u00bb{}\u00a0\u00bb][\/et_pb_blurb][et_pb_blurb title=\u00a0\u00bb(+34) 744 661 257&Prime; url=\u00a0\u00bbtel:744661257&Prime; use_icon=\u00a0\u00bbon\u00a0\u00bb font_icon=\u00a0\u00bb&#xe090;||divi||400&Prime; icon_color=\u00a0\u00bb#000000&Prime; icon_placement=\u00a0\u00bbleft\u00a0\u00bb image_icon_width=\u00a0\u00bb23px\u00a0\u00bb _builder_version=\u00a0\u00bb4.24.2&Prime; _module_preset=\u00a0\u00bbdefault\u00a0\u00bb header_font=\u00a0\u00bbArima Madurai||||||||\u00a0\u00bb header_text_align=\u00a0\u00bbleft\u00a0\u00bb body_text_align=\u00a0\u00bbright\u00a0\u00bb link_option_url=\u00a0\u00bbtel:744661257&Prime; global_colors_info=\u00a0\u00bb{}\u00a0\u00bb][\/et_pb_blurb][et_pb_blurb title=\u00a0\u00bblaperlazul21@gmail.com\u00a0\u00bb url=\u00a0\u00bbmailto:laperlazul21@gmail.com\u00a0\u00bb use_icon=\u00a0\u00bbon\u00a0\u00bb font_icon=\u00a0\u00bb&#xe076;||divi||400&Prime; icon_color=\u00a0\u00bb#000000&Prime; icon_placement=\u00a0\u00bbleft\u00a0\u00bb image_icon_width=\u00a0\u00bb23px\u00a0\u00bb _builder_version=\u00a0\u00bb4.24.2&Prime; _module_preset=\u00a0\u00bbdefault\u00a0\u00bb header_font=\u00a0\u00bbArima Madurai||||||||\u00a0\u00bb header_text_align=\u00a0\u00bbleft\u00a0\u00bb body_text_align=\u00a0\u00bbright\u00a0\u00bb link_option_url=\u00a0\u00bbmailto:laperlazul21@gmail.com\u00a0\u00bb global_colors_info=\u00a0\u00bb{}\u00a0\u00bb][\/et_pb_blurb][\/et_pb_column][\/et_pb_row][\/et_pb_section]<\/p>\n","protected":false},"excerpt":{"rendered":"<p>Faites votre r\u00e9servationHorairesLunes: de 10:30 a 18:30Martes: cerradoMi\u00e9rcoles: cerradoJueves: de 10:30 a 23:30Viernes: de 10:30 a 23:30S\u00e1bado: de 10:30 a 23:30Domingo: de 10:30 a 18:30Contact<\/p>\n","protected":false},"author":1,"featured_media":0,"parent":0,"menu_order":0,"comment_status":"closed","ping_status":"closed","template":"page-template-blank.php","meta":{"_et_pb_use_builder":"on","_et_pb_old_content":"","_et_gb_content_width":"","rank_math_lock_modified_date":false,"footnotes":""},"dipi_cpt_category":[],"class_list":["post-652","page","type-page","status-publish","hentry"],"_links":{"self":[{"href":"https:\/\/restauranteperlaazul.es\/fr\/wp-json\/wp\/v2\/pages\/652","targetHints":{"allow":["GET"]}}],"collection":[{"href":"https:\/\/restauranteperlaazul.es\/fr\/wp-json\/wp\/v2\/pages"}],"about":[{"href":"https:\/\/restauranteperlaazul.es\/fr\/wp-json\/wp\/v2\/types\/page"}],"author":[{"embeddable":true,"href":"https:\/\/restauranteperlaazul.es\/fr\/wp-json\/wp\/v2\/users\/1"}],"replies":[{"embeddable":true,"href":"https:\/\/restauranteperlaazul.es\/fr\/wp-json\/wp\/v2\/comments?post=652"}],"version-history":[{"count":3,"href":"https:\/\/restauranteperlaazul.es\/fr\/wp-json\/wp\/v2\/pages\/652\/revisions"}],"predecessor-version":[{"id":656,"href":"https:\/\/restauranteperlaazul.es\/fr\/wp-json\/wp\/v2\/pages\/652\/revisions\/656"}],"wp:attachment":[{"href":"https:\/\/restauranteperlaazul.es\/fr\/wp-json\/wp\/v2\/media?parent=652"}],"wp:term":[{"taxonomy":"dipi_cpt_category","embeddable":true,"href":"https:\/\/restauranteperlaazul.es\/fr\/wp-json\/wp\/v2\/dipi_cpt_category?post=652"}],"curies":[{"name":"wp","href":"https:\/\/api.w.org\/{rel}","templated":true}]}}